{"id":1882,"date":"2017-02-20T16:32:00","date_gmt":"2017-02-20T14:32:00","guid":{"rendered":"https:newurl.com\/trackit-kuidas-asjadel-ja-inimestel-kodus-ja-kaugemal-silm-peal-hoida\/"},"modified":"2017-02-20T16:32:00","modified_gmt":"2017-02-20T14:32:00","slug":"trackit-kuidas-asjadel-ja-inimestel-kodus-ja-kaugemal-silm-peal-hoida","status":"publish","type":"page","link":"https:\/\/metrotec.ee\/lv\/trackit-kuidas-asjadel-ja-inimestel-kodus-ja-kaugemal-silm-peal-hoida\/","title":{"rendered":"Trackit \u2013 kuidas asjadel ja inimestel kodus ja kaugemal silm peal hoida"},"content":{"rendered":"","protected":false},"excerpt":{"rendered":"<p>Trackit.metrotec.ee veebist saab osta omale \u00fche v\u00e4ikese, tikutoosist veidi suurema seadme, mis on kohe t\u00f6\u00f6ks valmis. <\/p>\n","protected":false},"author":7,"featured_media":0,"parent":0,"menu_order":0,"comment_status":"closed","ping_status":"closed","template":"","meta":{"footnotes":""},"class_list":["post-1882","page","type-page","status-publish","hentry"],"yoast_head":"<!-- This site is optimized with the Yoast SEO plugin v23.5 - https:\/\/yoast.com\/wordpress\/plugins\/seo\/ -->\n<title>Trackit \u2013 kuidas asjadel ja inimestel kodus ja kaugemal silm peal hoida - Metrotec<\/title>\n<meta name=\"robots\" content=\"index, follow, max-snippet:-1, max-image-preview:large, max-video-preview:-1\" \/>\n<link rel=\"canonical\" href=\"https:\/\/metrotec.ee\/lv\/trackit-kuidas-asjadel-ja-inimestel-kodus-ja-kaugemal-silm-peal-hoida\/\" \/>\n<meta property=\"og:locale\" content=\"lv_LV\" \/>\n<meta property=\"og:type\" content=\"article\" \/>\n<meta property=\"og:title\" content=\"Trackit \u2013 kuidas asjadel ja inimestel kodus ja kaugemal silm peal hoida - Metrotec\" \/>\n<meta property=\"og:description\" content=\"Trackit.metrotec.ee veebist saab osta omale \u00fche v\u00e4ikese, tikutoosist veidi suurema seadme, mis on kohe t\u00f6\u00f6ks valmis.\" \/>\n<meta property=\"og:url\" content=\"https:\/\/metrotec.ee\/lv\/trackit-kuidas-asjadel-ja-inimestel-kodus-ja-kaugemal-silm-peal-hoida\/\" \/>\n<meta property=\"og:site_name\" content=\"Metrotec\" \/>\n<meta name=\"twitter:card\" content=\"summary_large_image\" \/>\n<script type=\"application\/ld+json\" class=\"yoast-schema-graph\">{\"@context\":\"https:\/\/schema.org\",\"@graph\":[{\"@type\":\"WebPage\",\"@id\":\"https:\/\/metrotec.ee\/lv\/trackit-kuidas-asjadel-ja-inimestel-kodus-ja-kaugemal-silm-peal-hoida\/\",\"url\":\"https:\/\/metrotec.ee\/lv\/trackit-kuidas-asjadel-ja-inimestel-kodus-ja-kaugemal-silm-peal-hoida\/\",\"name\":\"Trackit \u2013 kuidas asjadel ja inimestel kodus ja kaugemal silm peal hoida - Metrotec\",\"isPartOf\":{\"@id\":\"https:\/\/metrotec.ee\/#website\"},\"datePublished\":\"2017-02-20T14:32:00+00:00\",\"dateModified\":\"2017-02-20T14:32:00+00:00\",\"breadcrumb\":{\"@id\":\"https:\/\/metrotec.ee\/lv\/trackit-kuidas-asjadel-ja-inimestel-kodus-ja-kaugemal-silm-peal-hoida\/#breadcrumb\"},\"inLanguage\":\"lv-LV\",\"potentialAction\":[{\"@type\":\"ReadAction\",\"target\":[\"https:\/\/metrotec.ee\/lv\/trackit-kuidas-asjadel-ja-inimestel-kodus-ja-kaugemal-silm-peal-hoida\/\"]}]},{\"@type\":\"BreadcrumbList\",\"@id\":\"https:\/\/metrotec.ee\/lv\/trackit-kuidas-asjadel-ja-inimestel-kodus-ja-kaugemal-silm-peal-hoida\/#breadcrumb\",\"itemListElement\":[{\"@type\":\"ListItem\",\"position\":1,\"name\":\"Home\",\"item\":\"https:\/\/metrotec.ee\/lv\/\"},{\"@type\":\"ListItem\",\"position\":2,\"name\":\"Trackit \u2013 kuidas asjadel ja inimestel kodus ja kaugemal silm peal hoida\"}]},{\"@type\":\"WebSite\",\"@id\":\"https:\/\/metrotec.ee\/#website\",\"url\":\"https:\/\/metrotec.ee\/\",\"name\":\"Metrotec\",\"description\":\"\",\"potentialAction\":[{\"@type\":\"SearchAction\",\"target\":{\"@type\":\"EntryPoint\",\"urlTemplate\":\"https:\/\/metrotec.ee\/?s={search_term_string}\"},\"query-input\":{\"@type\":\"PropertyValueSpecification\",\"valueRequired\":true,\"valueName\":\"search_term_string\"}}],\"inLanguage\":\"lv-LV\"}]}<\/script>\n<!-- \/ Yoast SEO plugin. -->","yoast_head_json":{"title":"Trackit \u2013 kuidas asjadel ja inimestel kodus ja kaugemal silm peal hoida - Metrotec","robots":{"index":"index","follow":"follow","max-snippet":"max-snippet:-1","max-image-preview":"max-image-preview:large","max-video-preview":"max-video-preview:-1"},"canonical":"https:\/\/metrotec.ee\/lv\/trackit-kuidas-asjadel-ja-inimestel-kodus-ja-kaugemal-silm-peal-hoida\/","og_locale":"lv_LV","og_type":"article","og_title":"Trackit \u2013 kuidas asjadel ja inimestel kodus ja kaugemal silm peal hoida - Metrotec","og_description":"Trackit.metrotec.ee veebist saab osta omale \u00fche v\u00e4ikese, tikutoosist veidi suurema seadme, mis on kohe t\u00f6\u00f6ks valmis.","og_url":"https:\/\/metrotec.ee\/lv\/trackit-kuidas-asjadel-ja-inimestel-kodus-ja-kaugemal-silm-peal-hoida\/","og_site_name":"Metrotec","twitter_card":"summary_large_image","schema":{"@context":"https:\/\/schema.org","@graph":[{"@type":"WebPage","@id":"https:\/\/metrotec.ee\/lv\/trackit-kuidas-asjadel-ja-inimestel-kodus-ja-kaugemal-silm-peal-hoida\/","url":"https:\/\/metrotec.ee\/lv\/trackit-kuidas-asjadel-ja-inimestel-kodus-ja-kaugemal-silm-peal-hoida\/","name":"Trackit \u2013 kuidas asjadel ja inimestel kodus ja kaugemal silm peal hoida - Metrotec","isPartOf":{"@id":"https:\/\/metrotec.ee\/#website"},"datePublished":"2017-02-20T14:32:00+00:00","dateModified":"2017-02-20T14:32:00+00:00","breadcrumb":{"@id":"https:\/\/metrotec.ee\/lv\/trackit-kuidas-asjadel-ja-inimestel-kodus-ja-kaugemal-silm-peal-hoida\/#breadcrumb"},"inLanguage":"lv-LV","potentialAction":[{"@type":"ReadAction","target":["https:\/\/metrotec.ee\/lv\/trackit-kuidas-asjadel-ja-inimestel-kodus-ja-kaugemal-silm-peal-hoida\/"]}]},{"@type":"BreadcrumbList","@id":"https:\/\/metrotec.ee\/lv\/trackit-kuidas-asjadel-ja-inimestel-kodus-ja-kaugemal-silm-peal-hoida\/#breadcrumb","itemListElement":[{"@type":"ListItem","position":1,"name":"Home","item":"https:\/\/metrotec.ee\/lv\/"},{"@type":"ListItem","position":2,"name":"Trackit \u2013 kuidas asjadel ja inimestel kodus ja kaugemal silm peal hoida"}]},{"@type":"WebSite","@id":"https:\/\/metrotec.ee\/#website","url":"https:\/\/metrotec.ee\/","name":"Metrotec","description":"","potentialAction":[{"@type":"SearchAction","target":{"@type":"EntryPoint","urlTemplate":"https:\/\/metrotec.ee\/?s={search_term_string}"},"query-input":{"@type":"PropertyValueSpecification","valueRequired":true,"valueName":"search_term_string"}}],"inLanguage":"lv-LV"}]}},"_links":{"self":[{"href":"https:\/\/metrotec.ee\/lv\/wp-json\/wp\/v2\/pages\/1882","targetHints":{"allow":["GET"]}}],"collection":[{"href":"https:\/\/metrotec.ee\/lv\/wp-json\/wp\/v2\/pages"}],"about":[{"href":"https:\/\/metrotec.ee\/lv\/wp-json\/wp\/v2\/types\/page"}],"author":[{"embeddable":true,"href":"https:\/\/metrotec.ee\/lv\/wp-json\/wp\/v2\/users\/7"}],"replies":[{"embeddable":true,"href":"https:\/\/metrotec.ee\/lv\/wp-json\/wp\/v2\/comments?post=1882"}],"version-history":[{"count":0,"href":"https:\/\/metrotec.ee\/lv\/wp-json\/wp\/v2\/pages\/1882\/revisions"}],"wp:attachment":[{"href":"https:\/\/metrotec.ee\/lv\/wp-json\/wp\/v2\/media?parent=1882"}],"curies":[{"name":"wp","href":"https:\/\/api.w.org\/{rel}","templated":true}]}}