{"id":1886,"date":"2016-11-10T14:40:44","date_gmt":"2016-11-10T12:40:44","guid":{"rendered":"https:newurl.com\/f-track-ja-gps-jalgimine\/"},"modified":"2022-10-20T09:01:26","modified_gmt":"2022-10-20T06:01:26","slug":"f-track-ja-gps-jalgimine","status":"publish","type":"page","link":"https:\/\/metrotec.ee\/lv\/f-track-ja-gps-jalgimine\/","title":{"rendered":"F-Track un GPS izseko\u0161ana"},"content":{"rendered":"","protected":false},"excerpt":{"rendered":"","protected":false},"author":7,"featured_media":0,"parent":0,"menu_order":30,"comment_status":"closed","ping_status":"closed","template":"","meta":{"footnotes":""},"class_list":["post-1886","page","type-page","status-publish","hentry"],"yoast_head":"<!-- This site is optimized with the Yoast SEO plugin v23.5 - https:\/\/yoast.com\/wordpress\/plugins\/seo\/ -->\n<title>GPS kaugj\u00e4lgimisteenus F-track - Metrotec<\/title>\n<meta name=\"description\" content=\"F-Track on masinate veebip\u00f5hine GPS kaugj\u00e4lgimisteenus, mis annab \u00fclevaate sinu masinapargist reaalajas ning l\u00e4bi varasema andmeajaloo.\" \/>\n<meta name=\"robots\" content=\"index, follow, max-snippet:-1, max-image-preview:large, max-video-preview:-1\" \/>\n<link rel=\"canonical\" href=\"https:\/\/metrotec.ee\/lv\/f-track-ja-gps-jalgimine\/\" \/>\n<meta property=\"og:locale\" content=\"lv_LV\" \/>\n<meta property=\"og:type\" content=\"article\" \/>\n<meta property=\"og:title\" content=\"GPS kaugj\u00e4lgimisteenus F-track - Metrotec\" \/>\n<meta property=\"og:description\" content=\"F-Track on masinate veebip\u00f5hine GPS kaugj\u00e4lgimisteenus, mis annab \u00fclevaate sinu masinapargist reaalajas ning l\u00e4bi varasema andmeajaloo.\" \/>\n<meta property=\"og:url\" content=\"https:\/\/metrotec.ee\/lv\/f-track-ja-gps-jalgimine\/\" \/>\n<meta property=\"og:site_name\" content=\"Metrotec\" \/>\n<meta property=\"article:modified_time\" content=\"2022-10-20T06:01:26+00:00\" \/>\n<meta name=\"twitter:card\" content=\"summary_large_image\" \/>\n<script type=\"application\/ld+json\" class=\"yoast-schema-graph\">{\"@context\":\"https:\/\/schema.org\",\"@graph\":[{\"@type\":\"WebPage\",\"@id\":\"https:\/\/metrotec.ee\/lv\/f-track-ja-gps-jalgimine\/\",\"url\":\"https:\/\/metrotec.ee\/lv\/f-track-ja-gps-jalgimine\/\",\"name\":\"GPS kaugj\u00e4lgimisteenus F-track - Metrotec\",\"isPartOf\":{\"@id\":\"https:\/\/metrotec.ee\/#website\"},\"datePublished\":\"2016-11-10T12:40:44+00:00\",\"dateModified\":\"2022-10-20T06:01:26+00:00\",\"description\":\"F-Track on masinate veebip\u00f5hine GPS kaugj\u00e4lgimisteenus, mis annab \u00fclevaate sinu masinapargist reaalajas ning l\u00e4bi varasema andmeajaloo.\",\"breadcrumb\":{\"@id\":\"https:\/\/metrotec.ee\/lv\/f-track-ja-gps-jalgimine\/#breadcrumb\"},\"inLanguage\":\"lv-LV\",\"potentialAction\":[{\"@type\":\"ReadAction\",\"target\":[\"https:\/\/metrotec.ee\/lv\/f-track-ja-gps-jalgimine\/\"]}]},{\"@type\":\"BreadcrumbList\",\"@id\":\"https:\/\/metrotec.ee\/lv\/f-track-ja-gps-jalgimine\/#breadcrumb\",\"itemListElement\":[{\"@type\":\"ListItem\",\"position\":1,\"name\":\"Home\",\"item\":\"https:\/\/metrotec.ee\/lv\/\"},{\"@type\":\"ListItem\",\"position\":2,\"name\":\"F-Track un GPS izseko\u0161ana\"}]},{\"@type\":\"WebSite\",\"@id\":\"https:\/\/metrotec.ee\/#website\",\"url\":\"https:\/\/metrotec.ee\/\",\"name\":\"Metrotec\",\"description\":\"\",\"potentialAction\":[{\"@type\":\"SearchAction\",\"target\":{\"@type\":\"EntryPoint\",\"urlTemplate\":\"https:\/\/metrotec.ee\/?s={search_term_string}\"},\"query-input\":{\"@type\":\"PropertyValueSpecification\",\"valueRequired\":true,\"valueName\":\"search_term_string\"}}],\"inLanguage\":\"lv-LV\"}]}<\/script>\n<!-- \/ Yoast SEO plugin. -->","yoast_head_json":{"title":"GPS kaugj\u00e4lgimisteenus F-track - Metrotec","description":"F-Track on masinate veebip\u00f5hine GPS kaugj\u00e4lgimisteenus, mis annab \u00fclevaate sinu masinapargist reaalajas ning l\u00e4bi varasema andmeajaloo.","robots":{"index":"index","follow":"follow","max-snippet":"max-snippet:-1","max-image-preview":"max-image-preview:large","max-video-preview":"max-video-preview:-1"},"canonical":"https:\/\/metrotec.ee\/lv\/f-track-ja-gps-jalgimine\/","og_locale":"lv_LV","og_type":"article","og_title":"GPS kaugj\u00e4lgimisteenus F-track - Metrotec","og_description":"F-Track on masinate veebip\u00f5hine GPS kaugj\u00e4lgimisteenus, mis annab \u00fclevaate sinu masinapargist reaalajas ning l\u00e4bi varasema andmeajaloo.","og_url":"https:\/\/metrotec.ee\/lv\/f-track-ja-gps-jalgimine\/","og_site_name":"Metrotec","article_modified_time":"2022-10-20T06:01:26+00:00","twitter_card":"summary_large_image","schema":{"@context":"https:\/\/schema.org","@graph":[{"@type":"WebPage","@id":"https:\/\/metrotec.ee\/lv\/f-track-ja-gps-jalgimine\/","url":"https:\/\/metrotec.ee\/lv\/f-track-ja-gps-jalgimine\/","name":"GPS kaugj\u00e4lgimisteenus F-track - Metrotec","isPartOf":{"@id":"https:\/\/metrotec.ee\/#website"},"datePublished":"2016-11-10T12:40:44+00:00","dateModified":"2022-10-20T06:01:26+00:00","description":"F-Track on masinate veebip\u00f5hine GPS kaugj\u00e4lgimisteenus, mis annab \u00fclevaate sinu masinapargist reaalajas ning l\u00e4bi varasema andmeajaloo.","breadcrumb":{"@id":"https:\/\/metrotec.ee\/lv\/f-track-ja-gps-jalgimine\/#breadcrumb"},"inLanguage":"lv-LV","potentialAction":[{"@type":"ReadAction","target":["https:\/\/metrotec.ee\/lv\/f-track-ja-gps-jalgimine\/"]}]},{"@type":"BreadcrumbList","@id":"https:\/\/metrotec.ee\/lv\/f-track-ja-gps-jalgimine\/#breadcrumb","itemListElement":[{"@type":"ListItem","position":1,"name":"Home","item":"https:\/\/metrotec.ee\/lv\/"},{"@type":"ListItem","position":2,"name":"F-Track un GPS izseko\u0161ana"}]},{"@type":"WebSite","@id":"https:\/\/metrotec.ee\/#website","url":"https:\/\/metrotec.ee\/","name":"Metrotec","description":"","potentialAction":[{"@type":"SearchAction","target":{"@type":"EntryPoint","urlTemplate":"https:\/\/metrotec.ee\/?s={search_term_string}"},"query-input":{"@type":"PropertyValueSpecification","valueRequired":true,"valueName":"search_term_string"}}],"inLanguage":"lv-LV"}]}},"_links":{"self":[{"href":"https:\/\/metrotec.ee\/lv\/wp-json\/wp\/v2\/pages\/1886","targetHints":{"allow":["GET"]}}],"collection":[{"href":"https:\/\/metrotec.ee\/lv\/wp-json\/wp\/v2\/pages"}],"about":[{"href":"https:\/\/metrotec.ee\/lv\/wp-json\/wp\/v2\/types\/page"}],"author":[{"embeddable":true,"href":"https:\/\/metrotec.ee\/lv\/wp-json\/wp\/v2\/users\/7"}],"replies":[{"embeddable":true,"href":"https:\/\/metrotec.ee\/lv\/wp-json\/wp\/v2\/comments?post=1886"}],"version-history":[{"count":0,"href":"https:\/\/metrotec.ee\/lv\/wp-json\/wp\/v2\/pages\/1886\/revisions"}],"wp:attachment":[{"href":"https:\/\/metrotec.ee\/lv\/wp-json\/wp\/v2\/media?parent=1886"}],"curies":[{"name":"wp","href":"https:\/\/api.w.org\/{rel}","templated":true}]}}