{"id":1889,"date":"2016-11-15T14:15:00","date_gmt":"2016-11-15T12:15:00","guid":{"rendered":"https:newurl.com\/erakliendile\/"},"modified":"2018-04-06T23:29:00","modified_gmt":"2018-04-06T20:29:00","slug":"erakliendile","status":"publish","type":"page","link":"https:\/\/metrotec.ee\/lv\/erakliendile\/","title":{"rendered":"Priv\u0101tperson\u0101m"},"content":{"rendered":"","protected":false},"excerpt":{"rendered":"","protected":false},"author":7,"featured_media":0,"parent":0,"menu_order":40,"comment_status":"closed","ping_status":"closed","template":"","meta":{"footnotes":""},"class_list":["post-1889","page","type-page","status-publish","hentry"],"yoast_head":"<!-- This site is optimized with the Yoast SEO plugin v23.5 - https:\/\/yoast.com\/wordpress\/plugins\/seo\/ -->\n<title>GPS seadmed erakliendile<\/title>\n<meta name=\"description\" content=\"Lihtsad ja k\u00e4ep\u00e4rased lahendused kaubasaadetise, ehitust\u00f6\u00f6riista, paadimootori v\u00f5i mistahes vara paiknemise kaugj\u00e4lgimiseks.\" \/>\n<meta name=\"robots\" content=\"index, follow, max-snippet:-1, max-image-preview:large, max-video-preview:-1\" \/>\n<link rel=\"canonical\" href=\"https:\/\/metrotec.ee\/lv\/erakliendile\/\" \/>\n<meta property=\"og:locale\" content=\"lv_LV\" \/>\n<meta property=\"og:type\" content=\"article\" \/>\n<meta property=\"og:title\" content=\"GPS seadmed erakliendile\" \/>\n<meta property=\"og:description\" content=\"Lihtsad ja k\u00e4ep\u00e4rased lahendused kaubasaadetise, ehitust\u00f6\u00f6riista, paadimootori v\u00f5i mistahes vara paiknemise kaugj\u00e4lgimiseks.\" \/>\n<meta property=\"og:url\" content=\"https:\/\/metrotec.ee\/lv\/erakliendile\/\" \/>\n<meta property=\"og:site_name\" content=\"Metrotec\" \/>\n<meta property=\"article:modified_time\" content=\"2018-04-06T20:29:00+00:00\" \/>\n<meta name=\"twitter:card\" content=\"summary_large_image\" \/>\n<script type=\"application\/ld+json\" class=\"yoast-schema-graph\">{\"@context\":\"https:\/\/schema.org\",\"@graph\":[{\"@type\":\"WebPage\",\"@id\":\"https:\/\/metrotec.ee\/lv\/erakliendile\/\",\"url\":\"https:\/\/metrotec.ee\/lv\/erakliendile\/\",\"name\":\"GPS seadmed erakliendile\",\"isPartOf\":{\"@id\":\"https:\/\/metrotec.ee\/#website\"},\"datePublished\":\"2016-11-15T12:15:00+00:00\",\"dateModified\":\"2018-04-06T20:29:00+00:00\",\"description\":\"Lihtsad ja k\u00e4ep\u00e4rased lahendused kaubasaadetise, ehitust\u00f6\u00f6riista, paadimootori v\u00f5i mistahes vara paiknemise kaugj\u00e4lgimiseks.\",\"breadcrumb\":{\"@id\":\"https:\/\/metrotec.ee\/lv\/erakliendile\/#breadcrumb\"},\"inLanguage\":\"lv-LV\",\"potentialAction\":[{\"@type\":\"ReadAction\",\"target\":[\"https:\/\/metrotec.ee\/lv\/erakliendile\/\"]}]},{\"@type\":\"BreadcrumbList\",\"@id\":\"https:\/\/metrotec.ee\/lv\/erakliendile\/#breadcrumb\",\"itemListElement\":[{\"@type\":\"ListItem\",\"position\":1,\"name\":\"Home\",\"item\":\"https:\/\/metrotec.ee\/lv\/\"},{\"@type\":\"ListItem\",\"position\":2,\"name\":\"Priv\u0101tperson\u0101m\"}]},{\"@type\":\"WebSite\",\"@id\":\"https:\/\/metrotec.ee\/#website\",\"url\":\"https:\/\/metrotec.ee\/\",\"name\":\"Metrotec\",\"description\":\"\",\"potentialAction\":[{\"@type\":\"SearchAction\",\"target\":{\"@type\":\"EntryPoint\",\"urlTemplate\":\"https:\/\/metrotec.ee\/?s={search_term_string}\"},\"query-input\":{\"@type\":\"PropertyValueSpecification\",\"valueRequired\":true,\"valueName\":\"search_term_string\"}}],\"inLanguage\":\"lv-LV\"}]}<\/script>\n<!-- \/ Yoast SEO plugin. -->","yoast_head_json":{"title":"GPS seadmed erakliendile","description":"Lihtsad ja k\u00e4ep\u00e4rased lahendused kaubasaadetise, ehitust\u00f6\u00f6riista, paadimootori v\u00f5i mistahes vara paiknemise kaugj\u00e4lgimiseks.","robots":{"index":"index","follow":"follow","max-snippet":"max-snippet:-1","max-image-preview":"max-image-preview:large","max-video-preview":"max-video-preview:-1"},"canonical":"https:\/\/metrotec.ee\/lv\/erakliendile\/","og_locale":"lv_LV","og_type":"article","og_title":"GPS seadmed erakliendile","og_description":"Lihtsad ja k\u00e4ep\u00e4rased lahendused kaubasaadetise, ehitust\u00f6\u00f6riista, paadimootori v\u00f5i mistahes vara paiknemise kaugj\u00e4lgimiseks.","og_url":"https:\/\/metrotec.ee\/lv\/erakliendile\/","og_site_name":"Metrotec","article_modified_time":"2018-04-06T20:29:00+00:00","twitter_card":"summary_large_image","schema":{"@context":"https:\/\/schema.org","@graph":[{"@type":"WebPage","@id":"https:\/\/metrotec.ee\/lv\/erakliendile\/","url":"https:\/\/metrotec.ee\/lv\/erakliendile\/","name":"GPS seadmed erakliendile","isPartOf":{"@id":"https:\/\/metrotec.ee\/#website"},"datePublished":"2016-11-15T12:15:00+00:00","dateModified":"2018-04-06T20:29:00+00:00","description":"Lihtsad ja k\u00e4ep\u00e4rased lahendused kaubasaadetise, ehitust\u00f6\u00f6riista, paadimootori v\u00f5i mistahes vara paiknemise kaugj\u00e4lgimiseks.","breadcrumb":{"@id":"https:\/\/metrotec.ee\/lv\/erakliendile\/#breadcrumb"},"inLanguage":"lv-LV","potentialAction":[{"@type":"ReadAction","target":["https:\/\/metrotec.ee\/lv\/erakliendile\/"]}]},{"@type":"BreadcrumbList","@id":"https:\/\/metrotec.ee\/lv\/erakliendile\/#breadcrumb","itemListElement":[{"@type":"ListItem","position":1,"name":"Home","item":"https:\/\/metrotec.ee\/lv\/"},{"@type":"ListItem","position":2,"name":"Priv\u0101tperson\u0101m"}]},{"@type":"WebSite","@id":"https:\/\/metrotec.ee\/#website","url":"https:\/\/metrotec.ee\/","name":"Metrotec","description":"","potentialAction":[{"@type":"SearchAction","target":{"@type":"EntryPoint","urlTemplate":"https:\/\/metrotec.ee\/?s={search_term_string}"},"query-input":{"@type":"PropertyValueSpecification","valueRequired":true,"valueName":"search_term_string"}}],"inLanguage":"lv-LV"}]}},"_links":{"self":[{"href":"https:\/\/metrotec.ee\/lv\/wp-json\/wp\/v2\/pages\/1889","targetHints":{"allow":["GET"]}}],"collection":[{"href":"https:\/\/metrotec.ee\/lv\/wp-json\/wp\/v2\/pages"}],"about":[{"href":"https:\/\/metrotec.ee\/lv\/wp-json\/wp\/v2\/types\/page"}],"author":[{"embeddable":true,"href":"https:\/\/metrotec.ee\/lv\/wp-json\/wp\/v2\/users\/7"}],"replies":[{"embeddable":true,"href":"https:\/\/metrotec.ee\/lv\/wp-json\/wp\/v2\/comments?post=1889"}],"version-history":[{"count":0,"href":"https:\/\/metrotec.ee\/lv\/wp-json\/wp\/v2\/pages\/1889\/revisions"}],"wp:attachment":[{"href":"https:\/\/metrotec.ee\/lv\/wp-json\/wp\/v2\/media?parent=1889"}],"curies":[{"name":"wp","href":"https:\/\/api.w.org\/{rel}","templated":true}]}}