{"id":533,"date":"2016-11-15T14:13:43","date_gmt":"2016-11-15T12:13:43","guid":{"rendered":"https:newurl.com\/kontakt\/"},"modified":"2022-04-19T20:34:58","modified_gmt":"2022-04-19T17:34:58","slug":"kontakt","status":"publish","type":"page","link":"https:\/\/metrotec.ee\/ru\/kontakt\/","title":{"rendered":"\u041a\u043e\u043d\u0442\u0430\u043a\u0442"},"content":{"rendered":"","protected":false},"excerpt":{"rendered":"<p>V\u00e4ljav\u00f5te<br \/>\nMetrotec O\u00dc<br \/>\nProjekteerib ja toodab riistvara. T\u00e4psemalt GPS\/GPRS telemaatikakontrollereid ning nende lisaseadmeid;<br \/>\nArendab kaugj\u00e4lgimisteenuste tarkvara;<br \/>\nPakub kaugj\u00e4lgimisteenuseid.<br \/>\nMeie klientideks on veeremeid omavad ettev\u00f5tted, kes on huvitatud oma masinate j\u00e4lgimisest nii reaalajas kui minevikus. Igap\u00e4evaselt kasutavad meie teenuseid sajad ettev\u00f5tted. Oleme paigaldanud \u00fcle 7000 seadme. Metrotec on esindatud L\u00e4tis, Rootsis, Venemaal.<br \/>\nT\u00e4htsamad faktid<br \/>\n1990 &#8211; Tallinnas asutatakse Metrotec O\u00dc. Ettev\u00f5tte peamiseks tegevusalaks oli algselt automaatika-, signalisatsiooni- ning m\u00f5\u00f5teseadmete konstrueerimine ja tootmine. M\u00f5\u00f5tetehnika vallas oleme projekteerinud automatiseeritud kalibreerimisstende vee- ja soojusarvestitele, kulum\u00f5\u00f5tjaid ning mitmeid ainueksemplarina valmistatavaid eriotstarbelisi m\u00f5\u00f5teseadmeid.<br \/>\n1999.a. &#8211; teeme algust GSM\/GPS valve- ja kaugjuhtimisseadmete arendusega. Orienteerume transpordisektorile ning p\u00fchendume j\u00e4lgimisteenuse tarkvara v\u00e4ljat\u00f6\u00f6tamisele.<br \/>\n2001.a. &#8211; valmib Voyager perekonna esimene GSM\/GPS telemaatikakontroller Voyager-2001, mille t\u00e4htsaimaks omaduseks on tarkavara kauguuendamise v\u00f5imalus GSM andmesidel.<br \/>\n2003.a. &#8211; projekteerime Voyager kontrolleri lisaseadmena diiselk\u00fctuse nivooanduri ning alustame selle tootmist. Toome turule veebip\u00f5hise kaugj\u00e4lgimiss\u00fcsteemi F-Track ja alustame seireteenuse pakkumisega.<br \/>\n2004.a. &#8211; Algab koost\u00f6\u00f6 AS-ga Eesti Raudtee. Paigaldame kaugj\u00e4lgmiss\u00fcsteemid k\u00f5ikidele veduritele tuvastame \u00fclekulusid ning v\u00f5tame vedurite k\u00fctusekulu t\u00f5siselt \u201cluubi alla\u201d. On-line kaugj\u00e4lgimise algus. Valmib telemaatikakontroller Voyager-2005, mille t\u00e4htsaimaks omaduseks on GPRS andmeedastus.<br \/>\n2005.a. &#8211; Turvafirma Securitas eestvedamisel valmib spetsiaalne veebip\u00f5hine monitooringurakendus, mis kajastab samaaegselt kogu masinaparki.<br \/>\n2007.a. &#8211; Pooled Eesti Kiirabi ekipaa\u017eid varustatakse kaugj\u00e4lgimisseadmetega. Valmib \u201ckiirabi veebirakendus\u201d, mis kajastab brigaadide t\u00f6\u00f6seisundit ning v\u00f5imaldab efektiivselt juhtida nende k\u00e4ttesaadavust.<br \/>\n2008.a. &#8211; Valmib telemaatikakontrolleri Voyager-2008 CAN-bus versioon. Alustame on-line kaugj\u00e4lgimisteenuste osutamist r\u00e4ndluses.<br \/>\n2010.a. &#8211; Kahepoolne sidepidamine autojuhi ja kontori vahel. Voyager kontroller liidestatakse Garmin&#8217;i navigatsiooniterminaliga.<br \/>\n2013.a. &#8211; Mobiilse (nutitelefonid, tahvelarvutid) seireplatvormi valmimine. RFID integreerimine Voyager telemaatikakontrolleriga. <\/p>\n","protected":false},"author":7,"featured_media":0,"parent":0,"menu_order":50,"comment_status":"closed","ping_status":"closed","template":"","meta":{"footnotes":""},"class_list":["post-533","page","type-page","status-publish","hentry"],"yoast_head":"<!-- This site is optimized with the Yoast SEO plugin v23.5 - https:\/\/yoast.com\/wordpress\/plugins\/seo\/ -->\n<title>\u041a\u043e\u043d\u0442\u0430\u043a\u0442 - Metrotec<\/title>\n<meta name=\"description\" content=\"Projekteerime ja toodame GPS\/GPRS telemaatikakontrollereid ning nende lisaseadmeid, arendame kaugj\u00e4lgimisteenuste tarkvara ja pakume kaugj\u00e4lgimisteenuseid.\" \/>\n<meta name=\"robots\" content=\"index, follow, max-snippet:-1, max-image-preview:large, max-video-preview:-1\" \/>\n<link rel=\"canonical\" href=\"https:\/\/metrotec.ee\/ru\/kontakt\/\" \/>\n<meta property=\"og:locale\" content=\"ru_RU\" \/>\n<meta property=\"og:type\" content=\"article\" \/>\n<meta property=\"og:title\" content=\"\u041a\u043e\u043d\u0442\u0430\u043a\u0442 - Metrotec\" \/>\n<meta property=\"og:description\" content=\"Projekteerime ja toodame GPS\/GPRS telemaatikakontrollereid ning nende lisaseadmeid, arendame kaugj\u00e4lgimisteenuste tarkvara ja pakume kaugj\u00e4lgimisteenuseid.\" \/>\n<meta property=\"og:url\" content=\"https:\/\/metrotec.ee\/ru\/kontakt\/\" \/>\n<meta property=\"og:site_name\" content=\"Metrotec\" \/>\n<meta property=\"article:modified_time\" content=\"2022-04-19T17:34:58+00:00\" \/>\n<meta name=\"twitter:card\" content=\"summary_large_image\" \/>\n<script type=\"application\/ld+json\" class=\"yoast-schema-graph\">{\"@context\":\"https:\/\/schema.org\",\"@graph\":[{\"@type\":\"WebPage\",\"@id\":\"https:\/\/metrotec.ee\/ru\/kontakt\/\",\"url\":\"https:\/\/metrotec.ee\/ru\/kontakt\/\",\"name\":\"\u041a\u043e\u043d\u0442\u0430\u043a\u0442 - Metrotec\",\"isPartOf\":{\"@id\":\"https:\/\/metrotec.ee\/#website\"},\"datePublished\":\"2016-11-15T12:13:43+00:00\",\"dateModified\":\"2022-04-19T17:34:58+00:00\",\"description\":\"Projekteerime ja toodame GPS\/GPRS telemaatikakontrollereid ning nende lisaseadmeid, arendame kaugj\u00e4lgimisteenuste tarkvara ja pakume kaugj\u00e4lgimisteenuseid.\",\"breadcrumb\":{\"@id\":\"https:\/\/metrotec.ee\/ru\/kontakt\/#breadcrumb\"},\"inLanguage\":\"ru-RU\",\"potentialAction\":[{\"@type\":\"ReadAction\",\"target\":[\"https:\/\/metrotec.ee\/ru\/kontakt\/\"]}]},{\"@type\":\"BreadcrumbList\",\"@id\":\"https:\/\/metrotec.ee\/ru\/kontakt\/#breadcrumb\",\"itemListElement\":[{\"@type\":\"ListItem\",\"position\":1,\"name\":\"Home\",\"item\":\"https:\/\/metrotec.ee\/ru\/\"},{\"@type\":\"ListItem\",\"position\":2,\"name\":\"\u041a\u043e\u043d\u0442\u0430\u043a\u0442\"}]},{\"@type\":\"WebSite\",\"@id\":\"https:\/\/metrotec.ee\/#website\",\"url\":\"https:\/\/metrotec.ee\/\",\"name\":\"Metrotec\",\"description\":\"\",\"potentialAction\":[{\"@type\":\"SearchAction\",\"target\":{\"@type\":\"EntryPoint\",\"urlTemplate\":\"https:\/\/metrotec.ee\/?s={search_term_string}\"},\"query-input\":{\"@type\":\"PropertyValueSpecification\",\"valueRequired\":true,\"valueName\":\"search_term_string\"}}],\"inLanguage\":\"ru-RU\"}]}<\/script>\n<!-- \/ Yoast SEO plugin. -->","yoast_head_json":{"title":"\u041a\u043e\u043d\u0442\u0430\u043a\u0442 - Metrotec","description":"Projekteerime ja toodame GPS\/GPRS telemaatikakontrollereid ning nende lisaseadmeid, arendame kaugj\u00e4lgimisteenuste tarkvara ja pakume kaugj\u00e4lgimisteenuseid.","robots":{"index":"index","follow":"follow","max-snippet":"max-snippet:-1","max-image-preview":"max-image-preview:large","max-video-preview":"max-video-preview:-1"},"canonical":"https:\/\/metrotec.ee\/ru\/kontakt\/","og_locale":"ru_RU","og_type":"article","og_title":"\u041a\u043e\u043d\u0442\u0430\u043a\u0442 - Metrotec","og_description":"Projekteerime ja toodame GPS\/GPRS telemaatikakontrollereid ning nende lisaseadmeid, arendame kaugj\u00e4lgimisteenuste tarkvara ja pakume kaugj\u00e4lgimisteenuseid.","og_url":"https:\/\/metrotec.ee\/ru\/kontakt\/","og_site_name":"Metrotec","article_modified_time":"2022-04-19T17:34:58+00:00","twitter_card":"summary_large_image","schema":{"@context":"https:\/\/schema.org","@graph":[{"@type":"WebPage","@id":"https:\/\/metrotec.ee\/ru\/kontakt\/","url":"https:\/\/metrotec.ee\/ru\/kontakt\/","name":"\u041a\u043e\u043d\u0442\u0430\u043a\u0442 - Metrotec","isPartOf":{"@id":"https:\/\/metrotec.ee\/#website"},"datePublished":"2016-11-15T12:13:43+00:00","dateModified":"2022-04-19T17:34:58+00:00","description":"Projekteerime ja toodame GPS\/GPRS telemaatikakontrollereid ning nende lisaseadmeid, arendame kaugj\u00e4lgimisteenuste tarkvara ja pakume kaugj\u00e4lgimisteenuseid.","breadcrumb":{"@id":"https:\/\/metrotec.ee\/ru\/kontakt\/#breadcrumb"},"inLanguage":"ru-RU","potentialAction":[{"@type":"ReadAction","target":["https:\/\/metrotec.ee\/ru\/kontakt\/"]}]},{"@type":"BreadcrumbList","@id":"https:\/\/metrotec.ee\/ru\/kontakt\/#breadcrumb","itemListElement":[{"@type":"ListItem","position":1,"name":"Home","item":"https:\/\/metrotec.ee\/ru\/"},{"@type":"ListItem","position":2,"name":"\u041a\u043e\u043d\u0442\u0430\u043a\u0442"}]},{"@type":"WebSite","@id":"https:\/\/metrotec.ee\/#website","url":"https:\/\/metrotec.ee\/","name":"Metrotec","description":"","potentialAction":[{"@type":"SearchAction","target":{"@type":"EntryPoint","urlTemplate":"https:\/\/metrotec.ee\/?s={search_term_string}"},"query-input":{"@type":"PropertyValueSpecification","valueRequired":true,"valueName":"search_term_string"}}],"inLanguage":"ru-RU"}]}},"_links":{"self":[{"href":"https:\/\/metrotec.ee\/ru\/wp-json\/wp\/v2\/pages\/533","targetHints":{"allow":["GET"]}}],"collection":[{"href":"https:\/\/metrotec.ee\/ru\/wp-json\/wp\/v2\/pages"}],"about":[{"href":"https:\/\/metrotec.ee\/ru\/wp-json\/wp\/v2\/types\/page"}],"author":[{"embeddable":true,"href":"https:\/\/metrotec.ee\/ru\/wp-json\/wp\/v2\/users\/7"}],"replies":[{"embeddable":true,"href":"https:\/\/metrotec.ee\/ru\/wp-json\/wp\/v2\/comments?post=533"}],"version-history":[{"count":0,"href":"https:\/\/metrotec.ee\/ru\/wp-json\/wp\/v2\/pages\/533\/revisions"}],"wp:attachment":[{"href":"https:\/\/metrotec.ee\/ru\/wp-json\/wp\/v2\/media?parent=533"}],"curies":[{"name":"wp","href":"https:\/\/api.w.org\/{rel}","templated":true}]}}