{"id":906,"date":"2016-11-10T10:25:35","date_gmt":"2016-11-10T08:25:35","guid":{"rendered":"https:newurl.com\/avaleht\/"},"modified":"2022-11-02T13:37:43","modified_gmt":"2022-11-02T11:37:43","slug":"gps-sparningtjanster","status":"publish","type":"page","link":"https:\/\/metrotec.ee\/sv\/","title":{"rendered":"Avaleht"},"content":{"rendered":"","protected":false},"excerpt":{"rendered":"","protected":false},"author":7,"featured_media":0,"parent":0,"menu_order":0,"comment_status":"closed","ping_status":"closed","template":"","meta":{"footnotes":""},"class_list":["post-906","page","type-page","status-publish","hentry"],"yoast_head":"<!-- This site is optimized with the Yoast SEO plugin v23.5 - https:\/\/yoast.com\/wordpress\/plugins\/seo\/ -->\n<title>GPS sp\u00e5rningtj\u00e4nster Metrotec \u2013 en av pionj\u00e4rerna i Estland<\/title>\n<meta name=\"description\" content=\"H\u00e5ll koll p\u00e5 fordonsflottan, nyckeltal och kostnader f\u00f6r dina fordon\" \/>\n<meta name=\"robots\" content=\"index, follow, max-snippet:-1, max-image-preview:large, max-video-preview:-1\" \/>\n<link rel=\"canonical\" href=\"https:\/\/metrotec.ee\/sv\/\" \/>\n<meta property=\"og:locale\" content=\"sv_SE\" \/>\n<meta property=\"og:type\" content=\"article\" \/>\n<meta property=\"og:title\" content=\"GPS sp\u00e5rningtj\u00e4nster Metrotec \u2013 en av pionj\u00e4rerna i Estland\" \/>\n<meta property=\"og:description\" content=\"H\u00e5ll koll p\u00e5 fordonsflottan, nyckeltal och kostnader f\u00f6r dina fordon\" \/>\n<meta property=\"og:url\" content=\"https:\/\/metrotec.ee\/sv\/\" \/>\n<meta property=\"og:site_name\" content=\"Metrotec\" \/>\n<meta property=\"article:modified_time\" content=\"2022-11-02T11:37:43+00:00\" \/>\n<meta name=\"twitter:card\" content=\"summary_large_image\" \/>\n<script type=\"application\/ld+json\" class=\"yoast-schema-graph\">{\"@context\":\"https:\/\/schema.org\",\"@graph\":[{\"@type\":\"WebPage\",\"@id\":\"https:\/\/metrotec.ee\/sv\/\",\"url\":\"https:\/\/metrotec.ee\/sv\/\",\"name\":\"GPS sp\u00e5rningtj\u00e4nster Metrotec \u2013 en av pionj\u00e4rerna i Estland\",\"isPartOf\":{\"@id\":\"https:\/\/metrotec.ee\/#website\"},\"datePublished\":\"2016-11-10T08:25:35+00:00\",\"dateModified\":\"2022-11-02T11:37:43+00:00\",\"description\":\"H\u00e5ll koll p\u00e5 fordonsflottan, nyckeltal och kostnader f\u00f6r dina fordon\",\"breadcrumb\":{\"@id\":\"https:\/\/metrotec.ee\/sv\/#breadcrumb\"},\"inLanguage\":\"sv-SE\",\"potentialAction\":[{\"@type\":\"ReadAction\",\"target\":[\"https:\/\/metrotec.ee\/sv\/\"]}]},{\"@type\":\"BreadcrumbList\",\"@id\":\"https:\/\/metrotec.ee\/sv\/#breadcrumb\",\"itemListElement\":[{\"@type\":\"ListItem\",\"position\":1,\"name\":\"Home\",\"item\":\"https:\/\/metrotec.ee\/sv\/\"},{\"@type\":\"ListItem\",\"position\":2,\"name\":\"Avaleht\"}]},{\"@type\":\"WebSite\",\"@id\":\"https:\/\/metrotec.ee\/#website\",\"url\":\"https:\/\/metrotec.ee\/\",\"name\":\"Metrotec\",\"description\":\"\",\"potentialAction\":[{\"@type\":\"SearchAction\",\"target\":{\"@type\":\"EntryPoint\",\"urlTemplate\":\"https:\/\/metrotec.ee\/?s={search_term_string}\"},\"query-input\":{\"@type\":\"PropertyValueSpecification\",\"valueRequired\":true,\"valueName\":\"search_term_string\"}}],\"inLanguage\":\"sv-SE\"}]}<\/script>\n<!-- \/ Yoast SEO plugin. -->","yoast_head_json":{"title":"GPS sp\u00e5rningtj\u00e4nster Metrotec \u2013 en av pionj\u00e4rerna i Estland","description":"H\u00e5ll koll p\u00e5 fordonsflottan, nyckeltal och kostnader f\u00f6r dina fordon","robots":{"index":"index","follow":"follow","max-snippet":"max-snippet:-1","max-image-preview":"max-image-preview:large","max-video-preview":"max-video-preview:-1"},"canonical":"https:\/\/metrotec.ee\/sv\/","og_locale":"sv_SE","og_type":"article","og_title":"GPS sp\u00e5rningtj\u00e4nster Metrotec \u2013 en av pionj\u00e4rerna i Estland","og_description":"H\u00e5ll koll p\u00e5 fordonsflottan, nyckeltal och kostnader f\u00f6r dina fordon","og_url":"https:\/\/metrotec.ee\/sv\/","og_site_name":"Metrotec","article_modified_time":"2022-11-02T11:37:43+00:00","twitter_card":"summary_large_image","schema":{"@context":"https:\/\/schema.org","@graph":[{"@type":"WebPage","@id":"https:\/\/metrotec.ee\/sv\/","url":"https:\/\/metrotec.ee\/sv\/","name":"GPS sp\u00e5rningtj\u00e4nster Metrotec \u2013 en av pionj\u00e4rerna i Estland","isPartOf":{"@id":"https:\/\/metrotec.ee\/#website"},"datePublished":"2016-11-10T08:25:35+00:00","dateModified":"2022-11-02T11:37:43+00:00","description":"H\u00e5ll koll p\u00e5 fordonsflottan, nyckeltal och kostnader f\u00f6r dina fordon","breadcrumb":{"@id":"https:\/\/metrotec.ee\/sv\/#breadcrumb"},"inLanguage":"sv-SE","potentialAction":[{"@type":"ReadAction","target":["https:\/\/metrotec.ee\/sv\/"]}]},{"@type":"BreadcrumbList","@id":"https:\/\/metrotec.ee\/sv\/#breadcrumb","itemListElement":[{"@type":"ListItem","position":1,"name":"Home","item":"https:\/\/metrotec.ee\/sv\/"},{"@type":"ListItem","position":2,"name":"Avaleht"}]},{"@type":"WebSite","@id":"https:\/\/metrotec.ee\/#website","url":"https:\/\/metrotec.ee\/","name":"Metrotec","description":"","potentialAction":[{"@type":"SearchAction","target":{"@type":"EntryPoint","urlTemplate":"https:\/\/metrotec.ee\/?s={search_term_string}"},"query-input":{"@type":"PropertyValueSpecification","valueRequired":true,"valueName":"search_term_string"}}],"inLanguage":"sv-SE"}]}},"_links":{"self":[{"href":"https:\/\/metrotec.ee\/sv\/wp-json\/wp\/v2\/pages\/906","targetHints":{"allow":["GET"]}}],"collection":[{"href":"https:\/\/metrotec.ee\/sv\/wp-json\/wp\/v2\/pages"}],"about":[{"href":"https:\/\/metrotec.ee\/sv\/wp-json\/wp\/v2\/types\/page"}],"author":[{"embeddable":true,"href":"https:\/\/metrotec.ee\/sv\/wp-json\/wp\/v2\/users\/7"}],"replies":[{"embeddable":true,"href":"https:\/\/metrotec.ee\/sv\/wp-json\/wp\/v2\/comments?post=906"}],"version-history":[{"count":0,"href":"https:\/\/metrotec.ee\/sv\/wp-json\/wp\/v2\/pages\/906\/revisions"}],"wp:attachment":[{"href":"https:\/\/metrotec.ee\/sv\/wp-json\/wp\/v2\/media?parent=906"}],"curies":[{"name":"wp","href":"https:\/\/api.w.org\/{rel}","templated":true}]}}