{"id":960,"date":"2016-11-10T14:40:44","date_gmt":"2016-11-10T12:40:44","guid":{"rendered":"https:newurl.com\/f-track-ja-gps-jalgimine\/"},"modified":"2022-10-16T10:17:25","modified_gmt":"2022-10-16T07:17:25","slug":"fordonssystem","status":"publish","type":"page","link":"https:\/\/metrotec.ee\/sv\/fordonssystem\/","title":{"rendered":"Fordonssystem"},"content":{"rendered":"","protected":false},"excerpt":{"rendered":"","protected":false},"author":7,"featured_media":0,"parent":0,"menu_order":30,"comment_status":"closed","ping_status":"closed","template":"","meta":{"footnotes":""},"class_list":["post-960","page","type-page","status-publish","hentry"],"yoast_head":"<!-- This site is optimized with the Yoast SEO plugin v23.5 - https:\/\/yoast.com\/wordpress\/plugins\/seo\/ -->\n<title>F-track \u00e4r ett fordonssystem med helhetsl\u00f6sning - Metrotec<\/title>\n<meta name=\"description\" content=\"Fordonssystemet F-Track ger en \u00f6versikt \u00f6ver fordonsflottan som en helhet. Var maskinerna finns, k\u00f6rningar, br\u00e4nslef\u00f6rbrukning \u2013 man \u00f6vervakar allt.\" \/>\n<meta name=\"robots\" content=\"index, follow, max-snippet:-1, max-image-preview:large, max-video-preview:-1\" \/>\n<link rel=\"canonical\" href=\"https:\/\/metrotec.ee\/sv\/fordonssystem\/\" \/>\n<meta property=\"og:locale\" content=\"sv_SE\" \/>\n<meta property=\"og:type\" content=\"article\" \/>\n<meta property=\"og:title\" content=\"F-track \u00e4r ett fordonssystem med helhetsl\u00f6sning - Metrotec\" \/>\n<meta property=\"og:description\" content=\"Fordonssystemet F-Track ger en \u00f6versikt \u00f6ver fordonsflottan som en helhet. Var maskinerna finns, k\u00f6rningar, br\u00e4nslef\u00f6rbrukning \u2013 man \u00f6vervakar allt.\" \/>\n<meta property=\"og:url\" content=\"https:\/\/metrotec.ee\/sv\/fordonssystem\/\" \/>\n<meta property=\"og:site_name\" content=\"Metrotec\" \/>\n<meta property=\"article:modified_time\" content=\"2022-10-16T07:17:25+00:00\" \/>\n<meta name=\"twitter:card\" content=\"summary_large_image\" \/>\n<script type=\"application\/ld+json\" class=\"yoast-schema-graph\">{\"@context\":\"https:\/\/schema.org\",\"@graph\":[{\"@type\":\"WebPage\",\"@id\":\"https:\/\/metrotec.ee\/sv\/fordonssystem\/\",\"url\":\"https:\/\/metrotec.ee\/sv\/fordonssystem\/\",\"name\":\"F-track \u00e4r ett fordonssystem med helhetsl\u00f6sning - Metrotec\",\"isPartOf\":{\"@id\":\"https:\/\/metrotec.ee\/#website\"},\"datePublished\":\"2016-11-10T12:40:44+00:00\",\"dateModified\":\"2022-10-16T07:17:25+00:00\",\"description\":\"Fordonssystemet F-Track ger en \u00f6versikt \u00f6ver fordonsflottan som en helhet. Var maskinerna finns, k\u00f6rningar, br\u00e4nslef\u00f6rbrukning \u2013 man \u00f6vervakar allt.\",\"breadcrumb\":{\"@id\":\"https:\/\/metrotec.ee\/sv\/fordonssystem\/#breadcrumb\"},\"inLanguage\":\"sv-SE\",\"potentialAction\":[{\"@type\":\"ReadAction\",\"target\":[\"https:\/\/metrotec.ee\/sv\/fordonssystem\/\"]}]},{\"@type\":\"BreadcrumbList\",\"@id\":\"https:\/\/metrotec.ee\/sv\/fordonssystem\/#breadcrumb\",\"itemListElement\":[{\"@type\":\"ListItem\",\"position\":1,\"name\":\"Home\",\"item\":\"https:\/\/metrotec.ee\/sv\/\"},{\"@type\":\"ListItem\",\"position\":2,\"name\":\"Fordonssystem\"}]},{\"@type\":\"WebSite\",\"@id\":\"https:\/\/metrotec.ee\/#website\",\"url\":\"https:\/\/metrotec.ee\/\",\"name\":\"Metrotec\",\"description\":\"\",\"potentialAction\":[{\"@type\":\"SearchAction\",\"target\":{\"@type\":\"EntryPoint\",\"urlTemplate\":\"https:\/\/metrotec.ee\/?s={search_term_string}\"},\"query-input\":{\"@type\":\"PropertyValueSpecification\",\"valueRequired\":true,\"valueName\":\"search_term_string\"}}],\"inLanguage\":\"sv-SE\"}]}<\/script>\n<!-- \/ Yoast SEO plugin. -->","yoast_head_json":{"title":"F-track \u00e4r ett fordonssystem med helhetsl\u00f6sning - Metrotec","description":"Fordonssystemet F-Track ger en \u00f6versikt \u00f6ver fordonsflottan som en helhet. Var maskinerna finns, k\u00f6rningar, br\u00e4nslef\u00f6rbrukning \u2013 man \u00f6vervakar allt.","robots":{"index":"index","follow":"follow","max-snippet":"max-snippet:-1","max-image-preview":"max-image-preview:large","max-video-preview":"max-video-preview:-1"},"canonical":"https:\/\/metrotec.ee\/sv\/fordonssystem\/","og_locale":"sv_SE","og_type":"article","og_title":"F-track \u00e4r ett fordonssystem med helhetsl\u00f6sning - Metrotec","og_description":"Fordonssystemet F-Track ger en \u00f6versikt \u00f6ver fordonsflottan som en helhet. Var maskinerna finns, k\u00f6rningar, br\u00e4nslef\u00f6rbrukning \u2013 man \u00f6vervakar allt.","og_url":"https:\/\/metrotec.ee\/sv\/fordonssystem\/","og_site_name":"Metrotec","article_modified_time":"2022-10-16T07:17:25+00:00","twitter_card":"summary_large_image","schema":{"@context":"https:\/\/schema.org","@graph":[{"@type":"WebPage","@id":"https:\/\/metrotec.ee\/sv\/fordonssystem\/","url":"https:\/\/metrotec.ee\/sv\/fordonssystem\/","name":"F-track \u00e4r ett fordonssystem med helhetsl\u00f6sning - Metrotec","isPartOf":{"@id":"https:\/\/metrotec.ee\/#website"},"datePublished":"2016-11-10T12:40:44+00:00","dateModified":"2022-10-16T07:17:25+00:00","description":"Fordonssystemet F-Track ger en \u00f6versikt \u00f6ver fordonsflottan som en helhet. Var maskinerna finns, k\u00f6rningar, br\u00e4nslef\u00f6rbrukning \u2013 man \u00f6vervakar allt.","breadcrumb":{"@id":"https:\/\/metrotec.ee\/sv\/fordonssystem\/#breadcrumb"},"inLanguage":"sv-SE","potentialAction":[{"@type":"ReadAction","target":["https:\/\/metrotec.ee\/sv\/fordonssystem\/"]}]},{"@type":"BreadcrumbList","@id":"https:\/\/metrotec.ee\/sv\/fordonssystem\/#breadcrumb","itemListElement":[{"@type":"ListItem","position":1,"name":"Home","item":"https:\/\/metrotec.ee\/sv\/"},{"@type":"ListItem","position":2,"name":"Fordonssystem"}]},{"@type":"WebSite","@id":"https:\/\/metrotec.ee\/#website","url":"https:\/\/metrotec.ee\/","name":"Metrotec","description":"","potentialAction":[{"@type":"SearchAction","target":{"@type":"EntryPoint","urlTemplate":"https:\/\/metrotec.ee\/?s={search_term_string}"},"query-input":{"@type":"PropertyValueSpecification","valueRequired":true,"valueName":"search_term_string"}}],"inLanguage":"sv-SE"}]}},"_links":{"self":[{"href":"https:\/\/metrotec.ee\/sv\/wp-json\/wp\/v2\/pages\/960","targetHints":{"allow":["GET"]}}],"collection":[{"href":"https:\/\/metrotec.ee\/sv\/wp-json\/wp\/v2\/pages"}],"about":[{"href":"https:\/\/metrotec.ee\/sv\/wp-json\/wp\/v2\/types\/page"}],"author":[{"embeddable":true,"href":"https:\/\/metrotec.ee\/sv\/wp-json\/wp\/v2\/users\/7"}],"replies":[{"embeddable":true,"href":"https:\/\/metrotec.ee\/sv\/wp-json\/wp\/v2\/comments?post=960"}],"version-history":[{"count":0,"href":"https:\/\/metrotec.ee\/sv\/wp-json\/wp\/v2\/pages\/960\/revisions"}],"wp:attachment":[{"href":"https:\/\/metrotec.ee\/sv\/wp-json\/wp\/v2\/media?parent=960"}],"curies":[{"name":"wp","href":"https:\/\/api.w.org\/{rel}","templated":true}]}}