{"id":964,"date":"2016-11-15T14:15:00","date_gmt":"2016-11-15T12:15:00","guid":{"rendered":"https:newurl.com\/erakliendile\/"},"modified":"2018-02-19T16:39:53","modified_gmt":"2018-02-19T14:39:53","slug":"barn-gps","status":"publish","type":"page","link":"https:\/\/metrotec.ee\/sv\/barn-gps\/","title":{"rendered":"Privat"},"content":{"rendered":"","protected":false},"excerpt":{"rendered":"","protected":false},"author":7,"featured_media":0,"parent":0,"menu_order":40,"comment_status":"closed","ping_status":"closed","template":"","meta":{"footnotes":""},"class_list":["post-964","page","type-page","status-publish","hentry"],"yoast_head":"<!-- This site is optimized with the Yoast SEO plugin v23.5 - https:\/\/yoast.com\/wordpress\/plugins\/seo\/ -->\n<title>Trackit - barn GPS hj\u00e4lper ocks\u00e5 att sp\u00e5ra husdjur - Metrotec<\/title>\n<meta name=\"description\" content=\"Visst \u00e4r du noga med att \u00f6vervaka ditt f\u00f6retags fordonsflotta men gl\u00f6m inte att h\u00e5lla ett \u00f6ga p\u00e5 din egen motorcykel eller ATV\" \/>\n<meta name=\"robots\" content=\"index, follow, max-snippet:-1, max-image-preview:large, max-video-preview:-1\" \/>\n<link rel=\"canonical\" href=\"https:\/\/metrotec.ee\/sv\/barn-gps\/\" \/>\n<meta property=\"og:locale\" content=\"sv_SE\" \/>\n<meta property=\"og:type\" content=\"article\" \/>\n<meta property=\"og:title\" content=\"Trackit - barn GPS hj\u00e4lper ocks\u00e5 att sp\u00e5ra husdjur - Metrotec\" \/>\n<meta property=\"og:description\" content=\"Visst \u00e4r du noga med att \u00f6vervaka ditt f\u00f6retags fordonsflotta men gl\u00f6m inte att h\u00e5lla ett \u00f6ga p\u00e5 din egen motorcykel eller ATV\" \/>\n<meta property=\"og:url\" content=\"https:\/\/metrotec.ee\/sv\/barn-gps\/\" \/>\n<meta property=\"og:site_name\" content=\"Metrotec\" \/>\n<meta property=\"article:modified_time\" content=\"2018-02-19T14:39:53+00:00\" \/>\n<meta name=\"twitter:card\" content=\"summary_large_image\" \/>\n<script type=\"application\/ld+json\" class=\"yoast-schema-graph\">{\"@context\":\"https:\/\/schema.org\",\"@graph\":[{\"@type\":\"WebPage\",\"@id\":\"https:\/\/metrotec.ee\/sv\/barn-gps\/\",\"url\":\"https:\/\/metrotec.ee\/sv\/barn-gps\/\",\"name\":\"Trackit - barn GPS hj\u00e4lper ocks\u00e5 att sp\u00e5ra husdjur - Metrotec\",\"isPartOf\":{\"@id\":\"https:\/\/metrotec.ee\/#website\"},\"datePublished\":\"2016-11-15T12:15:00+00:00\",\"dateModified\":\"2018-02-19T14:39:53+00:00\",\"description\":\"Visst \u00e4r du noga med att \u00f6vervaka ditt f\u00f6retags fordonsflotta men gl\u00f6m inte att h\u00e5lla ett \u00f6ga p\u00e5 din egen motorcykel eller ATV\",\"breadcrumb\":{\"@id\":\"https:\/\/metrotec.ee\/sv\/barn-gps\/#breadcrumb\"},\"inLanguage\":\"sv-SE\",\"potentialAction\":[{\"@type\":\"ReadAction\",\"target\":[\"https:\/\/metrotec.ee\/sv\/barn-gps\/\"]}]},{\"@type\":\"BreadcrumbList\",\"@id\":\"https:\/\/metrotec.ee\/sv\/barn-gps\/#breadcrumb\",\"itemListElement\":[{\"@type\":\"ListItem\",\"position\":1,\"name\":\"Home\",\"item\":\"https:\/\/metrotec.ee\/sv\/\"},{\"@type\":\"ListItem\",\"position\":2,\"name\":\"Privat\"}]},{\"@type\":\"WebSite\",\"@id\":\"https:\/\/metrotec.ee\/#website\",\"url\":\"https:\/\/metrotec.ee\/\",\"name\":\"Metrotec\",\"description\":\"\",\"potentialAction\":[{\"@type\":\"SearchAction\",\"target\":{\"@type\":\"EntryPoint\",\"urlTemplate\":\"https:\/\/metrotec.ee\/?s={search_term_string}\"},\"query-input\":{\"@type\":\"PropertyValueSpecification\",\"valueRequired\":true,\"valueName\":\"search_term_string\"}}],\"inLanguage\":\"sv-SE\"}]}<\/script>\n<!-- \/ Yoast SEO plugin. -->","yoast_head_json":{"title":"Trackit - barn GPS hj\u00e4lper ocks\u00e5 att sp\u00e5ra husdjur - Metrotec","description":"Visst \u00e4r du noga med att \u00f6vervaka ditt f\u00f6retags fordonsflotta men gl\u00f6m inte att h\u00e5lla ett \u00f6ga p\u00e5 din egen motorcykel eller ATV","robots":{"index":"index","follow":"follow","max-snippet":"max-snippet:-1","max-image-preview":"max-image-preview:large","max-video-preview":"max-video-preview:-1"},"canonical":"https:\/\/metrotec.ee\/sv\/barn-gps\/","og_locale":"sv_SE","og_type":"article","og_title":"Trackit - barn GPS hj\u00e4lper ocks\u00e5 att sp\u00e5ra husdjur - Metrotec","og_description":"Visst \u00e4r du noga med att \u00f6vervaka ditt f\u00f6retags fordonsflotta men gl\u00f6m inte att h\u00e5lla ett \u00f6ga p\u00e5 din egen motorcykel eller ATV","og_url":"https:\/\/metrotec.ee\/sv\/barn-gps\/","og_site_name":"Metrotec","article_modified_time":"2018-02-19T14:39:53+00:00","twitter_card":"summary_large_image","schema":{"@context":"https:\/\/schema.org","@graph":[{"@type":"WebPage","@id":"https:\/\/metrotec.ee\/sv\/barn-gps\/","url":"https:\/\/metrotec.ee\/sv\/barn-gps\/","name":"Trackit - barn GPS hj\u00e4lper ocks\u00e5 att sp\u00e5ra husdjur - Metrotec","isPartOf":{"@id":"https:\/\/metrotec.ee\/#website"},"datePublished":"2016-11-15T12:15:00+00:00","dateModified":"2018-02-19T14:39:53+00:00","description":"Visst \u00e4r du noga med att \u00f6vervaka ditt f\u00f6retags fordonsflotta men gl\u00f6m inte att h\u00e5lla ett \u00f6ga p\u00e5 din egen motorcykel eller ATV","breadcrumb":{"@id":"https:\/\/metrotec.ee\/sv\/barn-gps\/#breadcrumb"},"inLanguage":"sv-SE","potentialAction":[{"@type":"ReadAction","target":["https:\/\/metrotec.ee\/sv\/barn-gps\/"]}]},{"@type":"BreadcrumbList","@id":"https:\/\/metrotec.ee\/sv\/barn-gps\/#breadcrumb","itemListElement":[{"@type":"ListItem","position":1,"name":"Home","item":"https:\/\/metrotec.ee\/sv\/"},{"@type":"ListItem","position":2,"name":"Privat"}]},{"@type":"WebSite","@id":"https:\/\/metrotec.ee\/#website","url":"https:\/\/metrotec.ee\/","name":"Metrotec","description":"","potentialAction":[{"@type":"SearchAction","target":{"@type":"EntryPoint","urlTemplate":"https:\/\/metrotec.ee\/?s={search_term_string}"},"query-input":{"@type":"PropertyValueSpecification","valueRequired":true,"valueName":"search_term_string"}}],"inLanguage":"sv-SE"}]}},"_links":{"self":[{"href":"https:\/\/metrotec.ee\/sv\/wp-json\/wp\/v2\/pages\/964","targetHints":{"allow":["GET"]}}],"collection":[{"href":"https:\/\/metrotec.ee\/sv\/wp-json\/wp\/v2\/pages"}],"about":[{"href":"https:\/\/metrotec.ee\/sv\/wp-json\/wp\/v2\/types\/page"}],"author":[{"embeddable":true,"href":"https:\/\/metrotec.ee\/sv\/wp-json\/wp\/v2\/users\/7"}],"replies":[{"embeddable":true,"href":"https:\/\/metrotec.ee\/sv\/wp-json\/wp\/v2\/comments?post=964"}],"version-history":[{"count":0,"href":"https:\/\/metrotec.ee\/sv\/wp-json\/wp\/v2\/pages\/964\/revisions"}],"wp:attachment":[{"href":"https:\/\/metrotec.ee\/sv\/wp-json\/wp\/v2\/media?parent=964"}],"curies":[{"name":"wp","href":"https:\/\/api.w.org\/{rel}","templated":true}]}}